{"id":14317,"date":"2025-11-20T19:04:53","date_gmt":"2025-11-20T19:04:53","guid":{"rendered":"https:\/\/www.cic-totalcare.com\/he-thong-giao-duc-cham-soc-toan-dien\/"},"modified":"2026-04-22T18:38:29","modified_gmt":"2026-04-22T18:38:29","slug":"he-thong-giao-duc-cham-soc-toan-dien","status":"publish","type":"page","link":"https:\/\/www.cic-totalcare.com\/vi\/he-thong-giao-duc-cham-soc-toan-dien\/","title":{"rendered":"H\u1ec7 th\u1ed1ng gi\u00e1o d\u1ee5c ch\u0103m s\u00f3c to\u00e0n di\u1ec7n"},"content":{"rendered":"","protected":false},"excerpt":{"rendered":"","protected":false},"author":1,"featured_media":0,"parent":0,"menu_order":0,"comment_status":"closed","ping_status":"closed","template":"","meta":{"_acf_changed":false,"footnotes":""},"class_list":["post-14317","page","type-page","status-publish","hentry"],"acf":[],"_links":{"self":[{"href":"https:\/\/www.cic-totalcare.com\/vi\/wp-json\/wp\/v2\/pages\/14317","targetHints":{"allow":["GET"]}}],"collection":[{"href":"https:\/\/www.cic-totalcare.com\/vi\/wp-json\/wp\/v2\/pages"}],"about":[{"href":"https:\/\/www.cic-totalcare.com\/vi\/wp-json\/wp\/v2\/types\/page"}],"author":[{"embeddable":true,"href":"https:\/\/www.cic-totalcare.com\/vi\/wp-json\/wp\/v2\/users\/1"}],"replies":[{"embeddable":true,"href":"https:\/\/www.cic-totalcare.com\/vi\/wp-json\/wp\/v2\/comments?post=14317"}],"version-history":[{"count":1,"href":"https:\/\/www.cic-totalcare.com\/vi\/wp-json\/wp\/v2\/pages\/14317\/revisions"}],"predecessor-version":[{"id":14808,"href":"https:\/\/www.cic-totalcare.com\/vi\/wp-json\/wp\/v2\/pages\/14317\/revisions\/14808"}],"wp:attachment":[{"href":"https:\/\/www.cic-totalcare.com\/vi\/wp-json\/wp\/v2\/media?parent=14317"}],"curies":[{"name":"wp","href":"https:\/\/api.w.org\/{rel}","templated":true}]}}