{"id":14378,"date":"2025-12-23T16:47:24","date_gmt":"2025-12-23T16:47:24","guid":{"rendered":"https:\/\/www.cic-totalcare.com\/he-thong-giao-duc-cham-soc-toan-dien\/cham-soc-toan-dien-hoc-tap\/"},"modified":"2025-12-23T16:47:24","modified_gmt":"2025-12-23T16:47:24","slug":"cham-soc-toan-dien-hoc-tap","status":"publish","type":"page","link":"https:\/\/www.cic-totalcare.com\/vi\/he-thong-giao-duc-cham-soc-toan-dien\/cham-soc-toan-dien-hoc-tap\/","title":{"rendered":"Ch\u0103m S\u00f3c To\u00e0n Di\u1ec7n H\u1ecdc T\u1eadp"},"content":{"rendered":"","protected":false},"excerpt":{"rendered":"","protected":false},"author":1,"featured_media":0,"parent":14317,"menu_order":0,"comment_status":"closed","ping_status":"closed","template":"","meta":{"_acf_changed":false,"footnotes":""},"class_list":["post-14378","page","type-page","status-publish","hentry"],"acf":[],"_links":{"self":[{"href":"https:\/\/www.cic-totalcare.com\/vi\/wp-json\/wp\/v2\/pages\/14378","targetHints":{"allow":["GET"]}}],"collection":[{"href":"https:\/\/www.cic-totalcare.com\/vi\/wp-json\/wp\/v2\/pages"}],"about":[{"href":"https:\/\/www.cic-totalcare.com\/vi\/wp-json\/wp\/v2\/types\/page"}],"author":[{"embeddable":true,"href":"https:\/\/www.cic-totalcare.com\/vi\/wp-json\/wp\/v2\/users\/1"}],"replies":[{"embeddable":true,"href":"https:\/\/www.cic-totalcare.com\/vi\/wp-json\/wp\/v2\/comments?post=14378"}],"version-history":[{"count":0,"href":"https:\/\/www.cic-totalcare.com\/vi\/wp-json\/wp\/v2\/pages\/14378\/revisions"}],"up":[{"embeddable":true,"href":"https:\/\/www.cic-totalcare.com\/vi\/wp-json\/wp\/v2\/pages\/14317"}],"wp:attachment":[{"href":"https:\/\/www.cic-totalcare.com\/vi\/wp-json\/wp\/v2\/media?parent=14378"}],"curies":[{"name":"wp","href":"https:\/\/api.w.org\/{rel}","templated":true}]}}