{"id":14492,"date":"2026-02-09T15:30:28","date_gmt":"2026-02-09T15:30:28","guid":{"rendered":"https:\/\/www.cic-totalcare.com\/he-thong-giao-duc-cham-soc-toan-dien\/cham-soc-toan-dien-lien-lac\/"},"modified":"2026-02-09T15:30:28","modified_gmt":"2026-02-09T15:30:28","slug":"cham-soc-toan-dien-lien-lac","status":"publish","type":"page","link":"https:\/\/www.cic-totalcare.com\/vi\/he-thong-giao-duc-cham-soc-toan-dien\/cham-soc-toan-dien-lien-lac\/","title":{"rendered":"Ch\u0103m S\u00f3c To\u00e0n Di\u1ec7n Li\u00ean L\u1ea1c"},"content":{"rendered":"","protected":false},"excerpt":{"rendered":"","protected":false},"author":1,"featured_media":0,"parent":14317,"menu_order":0,"comment_status":"closed","ping_status":"closed","template":"","meta":{"_acf_changed":false,"footnotes":""},"class_list":["post-14492","page","type-page","status-publish","hentry"],"acf":[],"_links":{"self":[{"href":"https:\/\/www.cic-totalcare.com\/vi\/wp-json\/wp\/v2\/pages\/14492","targetHints":{"allow":["GET"]}}],"collection":[{"href":"https:\/\/www.cic-totalcare.com\/vi\/wp-json\/wp\/v2\/pages"}],"about":[{"href":"https:\/\/www.cic-totalcare.com\/vi\/wp-json\/wp\/v2\/types\/page"}],"author":[{"embeddable":true,"href":"https:\/\/www.cic-totalcare.com\/vi\/wp-json\/wp\/v2\/users\/1"}],"replies":[{"embeddable":true,"href":"https:\/\/www.cic-totalcare.com\/vi\/wp-json\/wp\/v2\/comments?post=14492"}],"version-history":[{"count":0,"href":"https:\/\/www.cic-totalcare.com\/vi\/wp-json\/wp\/v2\/pages\/14492\/revisions"}],"up":[{"embeddable":true,"href":"https:\/\/www.cic-totalcare.com\/vi\/wp-json\/wp\/v2\/pages\/14317"}],"wp:attachment":[{"href":"https:\/\/www.cic-totalcare.com\/vi\/wp-json\/wp\/v2\/media?parent=14492"}],"curies":[{"name":"wp","href":"https:\/\/api.w.org\/{rel}","templated":true}]}}