{"id":15742,"date":"2019-11-28T19:17:15","date_gmt":"2019-11-28T19:17:15","guid":{"rendered":"https:\/\/www.cic-totalcare.com\/chuong-trinh-tieng-anh-esl\/"},"modified":"2019-12-03T21:36:05","modified_gmt":"2019-12-03T21:36:05","slug":"esl-courses","status":"publish","type":"page","link":"https:\/\/www.cic-totalcare.com\/vi\/total-care-education\/total-care-learning\/esl\/esl-courses\/","title":{"rendered":"Ch\u01b0\u01a1ng tr\u00ecnh Ti\u1ebfng Anh ESL"},"content":{"rendered":"","protected":false},"excerpt":{"rendered":"[vc_row type=\"full_width_background\" bg_position=\"left top\" bg_repeat=\"no-repeat\" scene_position=\"center\" text_color=\"dark\" text_align=\"left\" top_padding=\"50\" bottom_padding=\"100\"][vc_column width=\"1\/1\" enable_animation=\"true\" animation=\"fade-in-from-left\" delay=\"2s\" column_padding=\"no-extra-padding\" background_color_opacity=\"1\"][vc_column_text] Ch\u01b0\u01a1ng tr\u00ecnh Ti\u1ebfng Anh ESL [\/vc_column_text][vc_column_text] H\u1ecdc sinh h\u1ecdc ti\u1ebfng Anh ESL s\u1ebd nh\u1eadn \u0111\u01b0\u1ee3c t\u00edn ch\u1ec9 m\u00f4n h\u1ecdc \u0111\u1ec3 \u0111\u1ea1t B\u1eb1ng T\u1ed1t nghi\u1ec7p Trung h\u1ecdc Ontario (OSSD) sau khi ho\u00e0n th\u00e0nh b\u1ea5t k\u1ef3 kh\u00f3a h\u1ecdc n\u00e0o sau \u0111\u00e2y: [\/vc_column_text][divider line_type=\"No Line\" custom_height=\"50\"][vc_row_inner][vc_column_inner width=\"1\/2\"][vc_column_text]...","protected":false},"author":1,"featured_media":0,"parent":67754,"menu_order":33,"comment_status":"open","ping_status":"open","template":"","meta":{"footnotes":""},"_links":{"self":[{"href":"https:\/\/www.cic-totalcare.com\/vi\/wp-json\/wp\/v2\/pages\/15742"}],"collection":[{"href":"https:\/\/www.cic-totalcare.com\/vi\/wp-json\/wp\/v2\/pages"}],"about":[{"href":"https:\/\/www.cic-totalcare.com\/vi\/wp-json\/wp\/v2\/types\/page"}],"author":[{"embeddable":true,"href":"https:\/\/www.cic-totalcare.com\/vi\/wp-json\/wp\/v2\/users\/1"}],"replies":[{"embeddable":true,"href":"https:\/\/www.cic-totalcare.com\/vi\/wp-json\/wp\/v2\/comments?post=15742"}],"version-history":[{"count":14,"href":"https:\/\/www.cic-totalcare.com\/vi\/wp-json\/wp\/v2\/pages\/15742\/revisions"}],"predecessor-version":[{"id":16339,"href":"https:\/\/www.cic-totalcare.com\/vi\/wp-json\/wp\/v2\/pages\/15742\/revisions\/16339"}],"up":[{"embeddable":true,"href":"https:\/\/www.cic-totalcare.com\/vi\/wp-json\/wp\/v2\/pages\/67754"}],"wp:attachment":[{"href":"https:\/\/www.cic-totalcare.com\/vi\/wp-json\/wp\/v2\/media?parent=15742"}],"curies":[{"name":"wp","href":"https:\/\/api.w.org\/{rel}","templated":true}]}}