{"id":55701,"date":"2024-06-05T11:46:48","date_gmt":"2024-06-05T15:46:48","guid":{"rendered":"https:\/\/www.cic-totalcare.com\/?page_id=55701"},"modified":"2024-06-18T13:35:47","modified_gmt":"2024-06-18T17:35:47","slug":"total-care-communication-2","status":"publish","type":"page","link":"https:\/\/www.cic-totalcare.com\/vi\/total-care-education\/total-care-communication-2\/","title":{"rendered":"Ch\u0103m S\u00f3c To\u00e0n Di\u1ec7n Li\u00ean L\u1ea1c\u00ae"},"content":{"rendered":"","protected":false},"excerpt":{"rendered":"[vc_row type=\"in_container\" full_screen_row_position=\"middle\" column_margin=\"default\" scene_position=\"center\" text_color=\"dark\" text_align=\"left\" overlay_strength=\"0.3\" shape_divider_position=\"bottom\" bg_image_animation=\"none\"][vc_column column_padding=\"no-extra-padding\" column_padding_position=\"all\" background_color_opacity=\"1\" background_hover_color_opacity=\"1\" column_link_target=\"_self\" column_shadow=\"none\" column_border_radius=\"none\" width=\"1\/1\" tablet_width_inherit=\"default\" tablet_text_alignment=\"default\" phone_text_alignment=\"default\" overlay_strength=\"0.3\" column_border_width=\"none\" column_border_style=\"solid\" bg_image_animation=\"none\"] [\/vc_column][\/vc_row][vc_row type=\"full_width_background\" full_screen_row_position=\"middle\" column_margin=\"default\" scene_position=\"center\" text_color=\"dark\" text_align=\"left\" top_padding=\"100\" bottom_padding=\"50\" overlay_strength=\"0.3\" shape_divider_position=\"bottom\" bg_image_animation=\"none\"][vc_column column_padding=\"no-extra-padding\" column_padding_position=\"all\" background_color_opacity=\"1\" background_hover_color_opacity=\"1\" column_link_target=\"_self\" column_shadow=\"none\" column_border_radius=\"none\" width=\"1\/2\" tablet_width_inherit=\"default\" tablet_text_alignment=\"default\" phone_text_alignment=\"default\" overlay_strength=\"0.3\" column_border_width=\"none\" column_border_style=\"solid\" bg_image_animation=\"none\" enable_animation=\"true\" animation=\"fade-in-from-left\" delay=\"2s\"][vc_custom_heading text=\"B\u1eafc c\u1ea7u kho\u1ea3ng c\u00e1ch\" font_container=\"tag:h2|font_size:42|text_align:left\"...","protected":false},"author":42,"featured_media":0,"parent":15243,"menu_order":46,"comment_status":"open","ping_status":"open","template":"","meta":{"footnotes":""},"_links":{"self":[{"href":"https:\/\/www.cic-totalcare.com\/vi\/wp-json\/wp\/v2\/pages\/55701"}],"collection":[{"href":"https:\/\/www.cic-totalcare.com\/vi\/wp-json\/wp\/v2\/pages"}],"about":[{"href":"https:\/\/www.cic-totalcare.com\/vi\/wp-json\/wp\/v2\/types\/page"}],"author":[{"embeddable":true,"href":"https:\/\/www.cic-totalcare.com\/vi\/wp-json\/wp\/v2\/users\/42"}],"replies":[{"embeddable":true,"href":"https:\/\/www.cic-totalcare.com\/vi\/wp-json\/wp\/v2\/comments?post=55701"}],"version-history":[{"count":37,"href":"https:\/\/www.cic-totalcare.com\/vi\/wp-json\/wp\/v2\/pages\/55701\/revisions"}],"predecessor-version":[{"id":133376,"href":"https:\/\/www.cic-totalcare.com\/vi\/wp-json\/wp\/v2\/pages\/55701\/revisions\/133376"}],"up":[{"embeddable":true,"href":"https:\/\/www.cic-totalcare.com\/vi\/wp-json\/wp\/v2\/pages\/15243"}],"wp:attachment":[{"href":"https:\/\/www.cic-totalcare.com\/vi\/wp-json\/wp\/v2\/media?parent=55701"}],"curies":[{"name":"wp","href":"https:\/\/api.w.org\/{rel}","templated":true}]}}