{"id":65688,"date":"2022-01-27T08:58:51","date_gmt":"2022-01-27T13:58:51","guid":{"rendered":"https:\/\/www.cic-totalcare.com\/tuyen-sinh\/"},"modified":"2024-05-30T10:35:31","modified_gmt":"2024-05-30T14:35:31","slug":"admissions","status":"publish","type":"page","link":"https:\/\/www.cic-totalcare.com\/vi\/admissions\/","title":{"rendered":"Tuy\u1ec3n Sinh"},"content":{"rendered":"","protected":false},"excerpt":{"rendered":"[vc_row type=\"full_width_background\" full_screen_row_position=\"middle\" scene_position=\"center\" text_color=\"dark\" text_align=\"left\" top_padding=\"50\" bottom_padding=\"100\" overlay_strength=\"0.3\"][vc_column enable_animation=\"true\" animation=\"fade-in-from-left\" column_padding=\"no-extra-padding\" column_padding_position=\"all\" background_color_opacity=\"1\" background_hover_color_opacity=\"1\" column_shadow=\"none\" width=\"1\/1\" tablet_text_alignment=\"default\" phone_text_alignment=\"default\" column_border_width=\"none\" column_border_style=\"solid\" delay=\"2s\"][vc_row_inner column_margin=\"default\" text_align=\"left\"][vc_column_inner column_padding=\"no-extra-padding\" column_padding_position=\"all\" background_color_opacity=\"1\" width=\"1\/2\" column_border_width=\"none\" column_border_style=\"solid\"][vc_column_text] QUY TR\u00ccNH N\u1ed8P \u0110\u01a0N [\/vc_column_text][vc_column_text] Tr\u01b0\u1eddng Trung H\u1ecdc Qu\u1ed1c T\u1ebf Columbia cung c\u1ea5p c\u00e1c ch\u01b0\u01a1ng tr\u00ecnh \u0111\u00e0o t\u1ea1o sau: Trung H\u1ecdc Ph\u1ed5 Th\u00f4ng (L\u1edbp 9-12) Ch\u01b0\u01a1ng Tr\u00ecnh ESL Ch\u01b0\u01a1ng Tr\u00ecnh...","protected":false},"author":1,"featured_media":0,"parent":0,"menu_order":69,"comment_status":"open","ping_status":"open","template":"","meta":{"footnotes":""},"_links":{"self":[{"href":"https:\/\/www.cic-totalcare.com\/vi\/wp-json\/wp\/v2\/pages\/65688"}],"collection":[{"href":"https:\/\/www.cic-totalcare.com\/vi\/wp-json\/wp\/v2\/pages"}],"about":[{"href":"https:\/\/www.cic-totalcare.com\/vi\/wp-json\/wp\/v2\/types\/page"}],"author":[{"embeddable":true,"href":"https:\/\/www.cic-totalcare.com\/vi\/wp-json\/wp\/v2\/users\/1"}],"replies":[{"embeddable":true,"href":"https:\/\/www.cic-totalcare.com\/vi\/wp-json\/wp\/v2\/comments?post=65688"}],"version-history":[{"count":9,"href":"https:\/\/www.cic-totalcare.com\/vi\/wp-json\/wp\/v2\/pages\/65688\/revisions"}],"predecessor-version":[{"id":132377,"href":"https:\/\/www.cic-totalcare.com\/vi\/wp-json\/wp\/v2\/pages\/65688\/revisions\/132377"}],"wp:attachment":[{"href":"https:\/\/www.cic-totalcare.com\/vi\/wp-json\/wp\/v2\/media?parent=65688"}],"curies":[{"name":"wp","href":"https:\/\/api.w.org\/{rel}","templated":true}]}}